{"id":5363,"date":"2020-03-11T10:42:59","date_gmt":"2020-03-11T07:42:59","guid":{"rendered":"http:\/\/www.demok.org\/?page_id=5363"},"modified":"2020-03-11T10:42:59","modified_gmt":"2020-03-11T07:42:59","slug":"evraklar","status":"publish","type":"page","link":"https:\/\/test.demok.org\/index.php\/evraklar\/","title":{"rendered":"Evraklar"},"content":{"rendered":"<h2>\u00dcyelik formlar\u0131<\/h2>\n<p><a href=\"https:\/\/www.demok.org\/wp-content\/uploads\/2021\/11\/dernekuyeformu.xls\"><br \/>\n<img decoding=\"async\" width=\"290\" height=\"97\" src=\"https:\/\/www.demok.org\/wp-content\/uploads\/2020\/03\/UYEFISI.png\" alt=\"\" loading=\"lazy\">\t\t\t\t\t\t\t\t<\/a><br \/>\n<a href=\"https:\/\/www.demok.org\/wp-content\/uploads\/2021\/11\/demoksanuye.xls\"><br \/>\n<img decoding=\"async\" width=\"290\" height=\"97\" src=\"https:\/\/www.demok.org\/wp-content\/uploads\/2020\/03\/UYE.png\" alt=\"\" loading=\"lazy\">\t\t\t\t\t\t\t\t<\/a><br \/>\n<a href=\"https:\/\/www.demok.org\/wp-content\/uploads\/2021\/11\/bursbasvuruformudur.doc\"><br \/>\n<img decoding=\"async\" width=\"290\" height=\"97\" src=\"https:\/\/www.demok.org\/wp-content\/uploads\/2020\/03\/BURS_.png\" alt=\"\" loading=\"lazy\">\t\t\t\t\t\t\t\t<\/a><\/p>\n<h2>Kredi Ba\u015fvuru Formlar\u0131<\/h2>\n<p><a href=\"https:\/\/www.demok.org\/wp-content\/uploads\/2021\/11\/kefilli_A\u00b6n.xls\"><br \/>\n<img decoding=\"async\" width=\"290\" height=\"97\" src=\"https:\/\/www.demok.org\/wp-content\/uploads\/2020\/03\/onbasvuru.png\" alt=\"\" loading=\"lazy\">\t\t\t\t\t\t\t\t<\/a><br \/>\n<a href=\"https:\/\/www.demok.org\/wp-content\/uploads\/2021\/11\/kefilli_arka.xls\"><br \/>\n<img decoding=\"async\" width=\"290\" height=\"97\" src=\"https:\/\/www.demok.org\/wp-content\/uploads\/2020\/03\/arkabasvuru.png\" alt=\"\" loading=\"lazy\">\t\t\t\t\t\t\t\t<\/a><br \/>\n<a href=\"https:\/\/www.demok.org\/wp-content\/uploads\/2021\/11\/kefilsiz.xls\"><br \/>\n<img decoding=\"async\" width=\"290\" height=\"97\" src=\"https:\/\/www.demok.org\/wp-content\/uploads\/2020\/03\/kefilsizbasvuru.png\" alt=\"\" loading=\"lazy\">\t\t\t\t\t\t\t\t<\/a><\/p>\n","protected":false},"excerpt":{"rendered":"<p>\u00dcyelik formlar\u0131 Kredi Ba\u015fvuru Formlar\u0131<\/p>\n","protected":false},"author":1,"featured_media":0,"parent":0,"menu_order":0,"comment_status":"closed","ping_status":"closed","template":"","meta":{"ngg_post_thumbnail":0,"footnotes":""},"class_list":["post-5363","page","type-page","status-publish","hentry"],"magazineBlocksPostFeaturedMedia":{"thumbnail":false,"medium":false,"medium_large":false,"large":false,"1536x1536":false,"2048x2048":false,"colormag-highlighted-post":false,"colormag-featured-post-medium":false,"colormag-featured-post-small":false,"colormag-featured-image":false,"colormag-default-news":false,"colormag-featured-image-large":false},"magazineBlocksPostAuthor":{"name":"demok","avatar":"https:\/\/secure.gravatar.com\/avatar\/9f5c36aa8f440a3b593bef073cd3c8619a928af11a5dceba8432cca86a80dd3a?s=96&d=mm&r=g"},"magazineBlocksPostCommentsNumber":false,"magazineBlocksPostExcerpt":"\u00dcyelik formlar\u0131 Kredi Ba\u015fvuru Formlar\u0131","magazineBlocksPostCategories":[],"magazineBlocksPostViewCount":0,"magazineBlocksPostReadTime":1,"_links":{"self":[{"href":"https:\/\/test.demok.org\/index.php\/wp-json\/wp\/v2\/pages\/5363","targetHints":{"allow":["GET"]}}],"collection":[{"href":"https:\/\/test.demok.org\/index.php\/wp-json\/wp\/v2\/pages"}],"about":[{"href":"https:\/\/test.demok.org\/index.php\/wp-json\/wp\/v2\/types\/page"}],"author":[{"embeddable":true,"href":"https:\/\/test.demok.org\/index.php\/wp-json\/wp\/v2\/users\/1"}],"replies":[{"embeddable":true,"href":"https:\/\/test.demok.org\/index.php\/wp-json\/wp\/v2\/comments?post=5363"}],"version-history":[{"count":0,"href":"https:\/\/test.demok.org\/index.php\/wp-json\/wp\/v2\/pages\/5363\/revisions"}],"wp:attachment":[{"href":"https:\/\/test.demok.org\/index.php\/wp-json\/wp\/v2\/media?parent=5363"}],"curies":[{"name":"wp","href":"https:\/\/api.w.org\/{rel}","templated":true}]}}