{"id":6666,"date":"2020-06-01T10:37:17","date_gmt":"2020-06-01T07:37:17","guid":{"rendered":"http:\/\/www.demok.org\/?page_id=6666"},"modified":"2020-06-01T10:37:17","modified_gmt":"2020-06-01T07:37:17","slug":"kredi-teberru-oranlari","status":"publish","type":"page","link":"https:\/\/test.demok.org\/index.php\/kredi-teberru-oranlari\/","title":{"rendered":"Kredi Teberru Oranlar\u0131"},"content":{"rendered":"<p><\/p>\n<figure class=\"wp-block-gallery-1 is-layout-flex wp-block-gallery-is-layout-flex\">\n<br>\n<\/figure>\n<p><\/p>\n<figure>\n<table>\n<tbody>\n<tr>\n<td>\u00dcyenin kendisi, e\u015fi veya \u00e7ocuklar\u0131 ad\u0131na olmak kayd\u0131yla Gayrimenkul alma, Evlenme, Ara\u00e7 alma, E\u011fitim ve Bedelli Askerlik m\u00fcracaatlar\u0131 durumlar\u0131n\u0131 belgelemesi \u015fart\u0131 ile ikraz talebi kar\u015f\u0131lan\u0131r. Bu ikraz, i\u015flemin ger\u00e7ekle\u015fti\u011fi tarihten itibaren 12 ay i\u00e7inde ba\u015fvurulmas\u0131 halinde kulland\u0131r\u0131l\u0131r. Ba\u015fvuru s\u0131ras\u0131na g\u00f6re \u00f6deme yap\u0131l\u0131r.&nbsp;<\/td>\n<\/tr>\n<\/tbody>\n<\/table>\n<\/figure>\n<p><\/p>\n<figure>\n<p>\u00dcyelerin ikraz taleplerinde;&nbsp;Normal \u0130kraz taleplerinde kefil istenmemesi,&nbsp;\u0130ste\u011fe ba\u011fl\u0131 ikraz taleplerinde, ikraz talep miktar\u0131n\u0131n \u00fcyenin birikim miktar\u0131n\u0131 kar\u015f\u0131lamas\u0131 durumunda kefil istenmemesi, birikim miktar\u0131 kar\u015f\u0131lam\u0131yor ise bir kefil istenmesi,&nbsp;&nbsp;\u00c7ift kefil talep edilen \u00d6zel \u0130htiya\u00e7 \u0130kraz\u0131 olan Gayrimenkul, Evlenme, Ara\u00e7, E\u011fitim ve Bedelli Askerlik ikrazlar\u0131nda&nbsp; bir kefilin DEMOKSAN \u00fcyesi olmas\u0131 gereklidir.<\/p>\n<\/figure>\n<p><\/p>\n<p><\/p>\t\t\n\t\t\t\t\t\t\t\t\t\t\t\t\t<img loading=\"lazy\" decoding=\"async\" width=\"640\" height=\"875\" src=\"http:\/\/localhost\/wp-content\/uploads\/2024\/11\/ikraz2024kasim-749x1024.png\" alt=\"\" srcset=\"http:\/\/localhost\/wp-content\/uploads\/2024\/11\/ikraz2024kasim-749x1024.png 749w, http:\/\/localhost\/wp-content\/uploads\/2024\/11\/ikraz2024kasim-219x300.png 219w, http:\/\/localhost\/wp-content\/uploads\/2024\/11\/ikraz2024kasim-768x1050.png 768w, http:\/\/localhost\/wp-content\/uploads\/2024\/11\/ikraz2024kasim-1124x1536.png 1124w, http:\/\/localhost\/wp-content\/uploads\/2024\/11\/ikraz2024kasim-1498x2048.png 1498w, http:\/\/localhost\/wp-content\/uploads\/2024\/11\/ikraz2024kasim.png 1618w\" sizes=\"auto, (max-width: 640px) 100vw, 640px\" \/>\t\t\t\t\t\t\t\t\t\t\t\t\t\n\t\t<p>02.11.2024 tarihinde yap\u0131lan Genel Kurul Karar\u0131 ile Sand\u0131k ve Fon Aidat\u0131 01.01.2025 tarihinden itibaren 800,00 TL\u00a0 olarak belirlenmi\u015ftir.<\/p>","protected":false},"excerpt":{"rendered":"<p>\u00dcyenin kendisi, e\u015fi veya \u00e7ocuklar\u0131 ad\u0131na olmak kayd\u0131yla Gayrimenkul alma, Evlenme, Ara\u00e7 alma, E\u011fitim ve Bedelli Askerlik m\u00fcracaatlar\u0131 durumlar\u0131n\u0131 belgelemesi<\/p>\n","protected":false},"author":1,"featured_media":0,"parent":0,"menu_order":0,"comment_status":"closed","ping_status":"closed","template":"","meta":{"ngg_post_thumbnail":0,"footnotes":""},"class_list":["post-6666","page","type-page","status-publish","hentry"],"magazineBlocksPostFeaturedMedia":{"thumbnail":false,"medium":false,"medium_large":false,"large":false,"1536x1536":false,"2048x2048":false,"colormag-highlighted-post":false,"colormag-featured-post-medium":false,"colormag-featured-post-small":false,"colormag-featured-image":false,"colormag-default-news":false,"colormag-featured-image-large":false},"magazineBlocksPostAuthor":{"name":"demok","avatar":"https:\/\/secure.gravatar.com\/avatar\/9f5c36aa8f440a3b593bef073cd3c8619a928af11a5dceba8432cca86a80dd3a?s=96&d=mm&r=g"},"magazineBlocksPostCommentsNumber":false,"magazineBlocksPostExcerpt":"\u00dcyenin kendisi, e\u015fi veya \u00e7ocuklar\u0131 ad\u0131na olmak kayd\u0131yla Gayrimenkul alma, Evlenme, Ara\u00e7 alma, E\u011fitim ve Bedelli Askerlik m\u00fcracaatlar\u0131 durumlar\u0131n\u0131 belgelemesi","magazineBlocksPostCategories":[],"magazineBlocksPostViewCount":0,"magazineBlocksPostReadTime":1,"_links":{"self":[{"href":"https:\/\/test.demok.org\/index.php\/wp-json\/wp\/v2\/pages\/6666","targetHints":{"allow":["GET"]}}],"collection":[{"href":"https:\/\/test.demok.org\/index.php\/wp-json\/wp\/v2\/pages"}],"about":[{"href":"https:\/\/test.demok.org\/index.php\/wp-json\/wp\/v2\/types\/page"}],"author":[{"embeddable":true,"href":"https:\/\/test.demok.org\/index.php\/wp-json\/wp\/v2\/users\/1"}],"replies":[{"embeddable":true,"href":"https:\/\/test.demok.org\/index.php\/wp-json\/wp\/v2\/comments?post=6666"}],"version-history":[{"count":0,"href":"https:\/\/test.demok.org\/index.php\/wp-json\/wp\/v2\/pages\/6666\/revisions"}],"wp:attachment":[{"href":"https:\/\/test.demok.org\/index.php\/wp-json\/wp\/v2\/media?parent=6666"}],"curies":[{"name":"wp","href":"https:\/\/api.w.org\/{rel}","templated":true}]}}